{"id":75,"date":"2023-03-24T06:55:14","date_gmt":"2023-03-24T06:55:22","guid":{"rendered":"https:\/\/cozystay.loftocean.com\/mountain-chalet\/?page_id=75"},"modified":"2025-12-03T09:45:29","modified_gmt":"2025-12-03T09:45:29","slug":"kontakt","status":"publish","type":"page","link":"https:\/\/www.podlipje.si\/en\/kontakt\/","title":{"rendered":"Contact"},"content":{"rendered":"<div data-elementor-type=\"wp-page\" data-elementor-id=\"75\" class=\"elementor elementor-75\" data-elementor-post-type=\"page\">\n\t\t\t\t\t\t<section class=\"elementor-section elementor-top-section elementor-element elementor-element-29247c7 elementor-section-full_width elementor-section-height-default elementor-section-height-default\" data-id=\"29247c7\" data-element_type=\"section\" data-e-type=\"section\">\n\t\t\t\t\t\t<div class=\"elementor-container elementor-column-gap-no\">\n\t\t\t\t\t<div class=\"elementor-column elementor-col-100 elementor-top-column elementor-element elementor-element-ee27c5e\" data-id=\"ee27c5e\" data-element_type=\"column\" data-e-type=\"column\">\n\t\t\t<div class=\"elementor-widget-wrap elementor-element-populated\">\n\t\t\t\t\t\t<div class=\"elementor-element elementor-element-520d085 elementor-widget elementor-widget-html\" data-id=\"520d085\" data-element_type=\"widget\" data-e-type=\"widget\" data-widget_type=\"html.default\">\n\t\t\t\t<div class=\"elementor-widget-container\">\n\t\t\t\t\t<iframe src=\"https:\/\/www.google.com\/maps\/embed?pb=!1m18!1m12!1m3!1d2737.2990493583716!2d16.269197776860135!3d46.68009847111999!2m3!1f0!2f0!3f0!3m2!1i1024!2i768!4f13.1!3m3!1m2!1s0x476f397d687ea2c7%3A0x5dce423d838862aa!2sLovren%C4%8Dec%20Alenka%20-%20nosilka%20dopolnilne%20dejavnosti%20na%20kmetiji!5e0!3m2!1ssl!2ssi!4v1732565255439!5m2!1ssl!2ssi\" width=\"100%\" height=\"600\" style=\"border:0;\" allowfullscreen=\"\" loading=\"lazy\" referrerpolicy=\"no-referrer-when-downgrade\"><\/iframe>\t\t\t\t<\/div>\n\t\t\t\t<\/div>\n\t\t\t\t\t<\/div>\n\t\t<\/div>\n\t\t\t\t\t<\/div>\n\t\t<\/section>\n\t\t\t\t<section class=\"elementor-section elementor-top-section elementor-element elementor-element-44764146 elementor-section-boxed elementor-section-height-default elementor-section-height-default\" data-id=\"44764146\" data-element_type=\"section\" data-e-type=\"section\" data-settings=\"{&quot;background_background&quot;:&quot;classic&quot;}\">\n\t\t\t\t\t\t<div class=\"elementor-container elementor-column-gap-no\">\n\t\t\t\t\t<div class=\"elementor-column elementor-col-50 elementor-top-column elementor-element elementor-element-43c4a1ad\" data-id=\"43c4a1ad\" data-element_type=\"column\" data-e-type=\"column\" data-settings=\"{&quot;background_background&quot;:&quot;classic&quot;}\">\n\t\t\t<div class=\"elementor-widget-wrap elementor-element-populated\">\n\t\t\t\t\t\t<div class=\"elementor-element elementor-element-2445f4fc elementor-widget elementor-widget-spacer\" data-id=\"2445f4fc\" data-element_type=\"widget\" data-e-type=\"widget\" data-widget_type=\"spacer.default\">\n\t\t\t\t<div class=\"elementor-widget-container\">\n\t\t\t\t\t\t\t<div class=\"elementor-spacer\">\n\t\t\t<div class=\"elementor-spacer-inner\"><\/div>\n\t\t<\/div>\n\t\t\t\t\t\t<\/div>\n\t\t\t\t<\/div>\n\t\t\t\t\t<\/div>\n\t\t<\/div>\n\t\t\t\t<div class=\"elementor-column elementor-col-50 elementor-top-column elementor-element elementor-element-4c1eb2f5\" data-id=\"4c1eb2f5\" data-element_type=\"column\" data-e-type=\"column\" data-settings=\"{&quot;background_background&quot;:&quot;classic&quot;}\">\n\t\t\t<div class=\"elementor-widget-wrap elementor-element-populated\">\n\t\t\t\t\t\t<div class=\"elementor-element elementor-element-36722586 elementor-widget elementor-widget-cs_title\" data-id=\"36722586\" data-element_type=\"widget\" data-e-type=\"widget\" data-widget_type=\"cs_title.default\">\n\t\t\t\t<div class=\"elementor-widget-container\">\n\t\t\t\t\t\n        <div class=\"cs-title-wrap\">\t            <h6 class=\"cs-title\">\n\t                Contact information\n\t            <\/h6>        <\/div>\t\t\t\t<\/div>\n\t\t\t\t<\/div>\n\t\t\t\t<div class=\"elementor-element elementor-element-781b88fa elementor-widget elementor-widget-cs_list\" data-id=\"781b88fa\" data-element_type=\"widget\" data-e-type=\"widget\" data-widget_type=\"cs_list.default\">\n\t\t\t\t<div class=\"elementor-widget-container\">\n\t\t\t\t\t\n            <ul class=\"cs-list cs-list-type-none with-border\">                <li>                    <span class=\"list-content\">Tourist farm Lovren\u010dec<\/span>                <\/li>                <li>                    <span class=\"list-content\">Te\u0161anovci 140<\/span>                <\/li>                <li>                    <span class=\"list-content\">9226 Moravske Toplice<\/span>                <\/li>                <li>                    <span class=\"list-content\">+386 (0) 41 825 148 (Samo)<\/span>                <\/li>                <li>                    <span class=\"list-content\">+386 (0) 31 857 473 (Kristijan)<\/span>                <\/li>                <li>                    <span class=\"list-content\">+386 (0) 41 648 425 (Stane)<\/span>                <\/li>                <li>                    <span class=\"list-content\">Email: info@podlipje.si<\/span>                <\/li>            <\/ul>\t\t\t\t<\/div>\n\t\t\t\t<\/div>\n\t\t\t\t<div class=\"elementor-element elementor-element-29601437 elementor-widget elementor-widget-cs_title\" data-id=\"29601437\" data-element_type=\"widget\" data-e-type=\"widget\" data-widget_type=\"cs_title.default\">\n\t\t\t\t<div class=\"elementor-widget-container\">\n\t\t\t\t\t\n        <div class=\"cs-title-wrap\">\t            <h6 class=\"cs-title\">\n\t                Send inquiry\t            <\/h6>        <\/div>\t\t\t\t<\/div>\n\t\t\t\t<\/div>\n\t\t\t\t<div class=\"elementor-element elementor-element-798ea157 elementor-widget elementor-widget-cs_form_cf7\" data-id=\"798ea157\" data-element_type=\"widget\" data-e-type=\"widget\" data-widget_type=\"cs_form_cf7.default\">\n\t\t\t\t<div class=\"elementor-widget-container\">\n\t\t\t\t\t            <div class=\"cs-form-cf7 placeholder-normal\">\n                <div class=\"cs-form-cf7-wrap\">\n<div class=\"wpcf7 no-js\" id=\"wpcf7-f9-o1\" lang=\"sl-SI\" dir=\"ltr\" data-wpcf7-id=\"9\">\n<div class=\"screen-reader-response\"><p role=\"status\" aria-live=\"polite\" aria-atomic=\"true\"><\/p> <ul><\/ul><\/div>\n<form action=\"\/en\/wp-json\/wp\/v2\/pages\/75#wpcf7-f9-o1\" method=\"post\" class=\"wpcf7-form init\" aria-label=\"Kontaktni obrazec\" novalidate=\"novalidate\" data-status=\"init\" data-trp-original-action=\"\/en\/wp-json\/wp\/v2\/pages\/75#wpcf7-f9-o1\">\n<fieldset class=\"hidden-fields-container\"><input type=\"hidden\" name=\"_wpcf7\" value=\"9\" \/><input type=\"hidden\" name=\"_wpcf7_version\" value=\"6.1.5\" \/><input type=\"hidden\" name=\"_wpcf7_locale\" value=\"sl_SI\" \/><input type=\"hidden\" name=\"_wpcf7_unit_tag\" value=\"wpcf7-f9-o1\" \/><input type=\"hidden\" name=\"_wpcf7_container_post\" value=\"0\" \/><input type=\"hidden\" name=\"_wpcf7_posted_data_hash\" value=\"\" \/>\n<\/fieldset>\n<p><label> Your name<br \/>\n<span class=\"wpcf7-form-control-wrap\" data-name=\"your-name\"><input size=\"40\" maxlength=\"400\" class=\"wpcf7-form-control wpcf7-text wpcf7-validates-as-required\" autocomplete=\"name\" aria-required=\"true\" aria-invalid=\"false\" value=\"\" type=\"text\" name=\"your-name\" \/><\/span> <\/label>\n<\/p>\n<p><label> Your email<br \/>\n<span class=\"wpcf7-form-control-wrap\" data-name=\"your-email\"><input size=\"40\" maxlength=\"400\" class=\"wpcf7-form-control wpcf7-email wpcf7-validates-as-required wpcf7-text wpcf7-validates-as-email\" autocomplete=\"email\" aria-required=\"true\" aria-invalid=\"false\" value=\"\" type=\"email\" name=\"your-email\" \/><\/span> <\/label>\n<\/p>\n<p><label> Subject<br \/>\n<span class=\"wpcf7-form-control-wrap\" data-name=\"your-subject\"><input size=\"40\" maxlength=\"400\" class=\"wpcf7-form-control wpcf7-text wpcf7-validates-as-required\" aria-required=\"true\" aria-invalid=\"false\" value=\"\" type=\"text\" name=\"your-subject\" \/><\/span> <\/label>\n<\/p>\n<p><label> Your message (optional)<br \/>\n<span class=\"wpcf7-form-control-wrap\" data-name=\"your-message\"><textarea cols=\"40\" rows=\"10\" maxlength=\"2000\" class=\"wpcf7-form-control wpcf7-textarea\" aria-invalid=\"false\" name=\"your-message\"><\/textarea><\/span> <\/label>\n<\/p>\n<p><input class=\"wpcf7-form-control wpcf7-submit has-spinner\" type=\"submit\" value=\"Send\" \/>\n<\/p><div class=\"wpcf7-response-output\" aria-hidden=\"true\"><\/div>\n<input type=\"hidden\" name=\"trp-form-language\" value=\"en\"\/><\/form>\n<\/div>\n<\/div>\n            <\/div>\t\t\t\t<\/div>\n\t\t\t\t<\/div>\n\t\t\t\t\t<\/div>\n\t\t<\/div>\n\t\t\t\t\t<\/div>\n\t\t<\/section>\n\t\t<div class=\"elementor-element elementor-element-fb73c26 e-con-full e-flex e-con e-parent\" data-id=\"fb73c26\" data-element_type=\"container\" data-e-type=\"container\" data-settings=\"{&quot;background_background&quot;:&quot;classic&quot;}\">\n\t\t\t\t<div class=\"elementor-element elementor-element-e38dda4 elementor-widget elementor-widget-image\" data-id=\"e38dda4\" data-element_type=\"widget\" data-e-type=\"widget\" data-widget_type=\"image.default\">\n\t\t\t\t<div class=\"elementor-widget-container\">\n\t\t\t\t\t\t\t\t\t\t\t\t\t\t\t<img fetchpriority=\"high\" decoding=\"async\" width=\"827\" height=\"100\" src=\"https:\/\/www.podlipje.si\/wp-content\/uploads\/2025\/09\/eu_logo_horizontal.png\" class=\"attachment-large size-large wp-image-2885\" alt=\"\" srcset=\"https:\/\/www.podlipje.si\/wp-content\/uploads\/2025\/09\/eu_logo_horizontal.png 827w, https:\/\/www.podlipje.si\/wp-content\/uploads\/2025\/09\/eu_logo_horizontal-300x36.png 300w, https:\/\/www.podlipje.si\/wp-content\/uploads\/2025\/09\/eu_logo_horizontal-768x93.png 768w, https:\/\/www.podlipje.si\/wp-content\/uploads\/2025\/09\/eu_logo_horizontal-780x94.png 780w, https:\/\/www.podlipje.si\/wp-content\/uploads\/2025\/09\/eu_logo_horizontal-600x73.png 600w, https:\/\/www.podlipje.si\/wp-content\/uploads\/2025\/09\/eu_logo_horizontal-550x67.png 550w, https:\/\/www.podlipje.si\/wp-content\/uploads\/2025\/09\/eu_logo_horizontal-370x45.png 370w, https:\/\/www.podlipje.si\/wp-content\/uploads\/2025\/09\/eu_logo_horizontal-255x31.png 255w\" sizes=\"(max-width: 827px) 100vw, 827px\" \/>\t\t\t\t\t\t\t\t\t\t\t\t\t\t\t<\/div>\n\t\t\t\t<\/div>\n\t\t\t\t<\/div>\n\t\t\t\t<\/div>","protected":false},"excerpt":{"rendered":"<p>Kontaktni podatki Turisti\u010dna kmetija Lovren\u010dec Te\u0161anovci 140 9226 Moravske Toplice +386 (0) 41 825 148 (Samo) +386 (0) 31 857 473 (Kristijan) +386 (0) 41 648 425 (Stane) E-po\u0161ta: info@podlipje.si Po\u0161ljite povpra\u0161evanje Va\u0161e ime Va\u0161a e-po\u0161ta Zadeva Va\u0161e sporo\u010dilo (neobvezno)<\/p>","protected":false},"author":1,"featured_media":0,"parent":0,"menu_order":5,"comment_status":"closed","ping_status":"closed","template":"template-wide-content.php","meta":{"cozystay_single_page_hide_site_header":"","cozystay_single_page_site_header_source":"","cozystay_single_page_custom_site_header":"0","cozystay_single_page_custom_sticky_site_header":"0","cozystay_single_page_hide_page_title":"on","cozystay_single_page_header_section_size":"","cozystay_single_page_header_background_color":"","cozystay_single_page_header_background_position_x":"center","cozystay_single_page_header_background_position_y":"center","cozystay_single_page_header_background_size":"cover","cozystay_single_page_header_background_repeat":"off","cozystay_single_page_header_background_scroll":"on","cozystay_single_page_header_text_color":"","cozystay_single_page_header_show_breadcrumb":"","cozystay_single_page_site_footer_hide_main":"","cozystay_single_custom_site_footer_main_source":"","cozystay_single_custom_site_footer_main":"0","cozystay_single_page_site_footer_hide_above":"","cozystay_single_custom_site_footer_above_source":"","cozystay_single_custom_site_footer_above":"0","cozystay_single_page_site_footer_hide_instagram":"","cozystay_single_page_site_footer_hide_bottom":"","cozystay_single_custom_mobile_menu_source":"","cozystay_single_custom_mobile_menu":"0","cozystay_single_custom_mobile_menu_animation":"","cozystay_single_custom_mobile_menu_width":"","cozystay_single_custom_mobile_menu_custom_width":375,"footnotes":""},"class_list":["post-75","page","type-page","status-publish","hentry"],"yoast_head":"<!-- This site is optimized with the Yoast SEO plugin v27.2 - https:\/\/yoast.com\/product\/yoast-seo-wordpress\/ -->\n<title>Kontakt - Podlipje<\/title>\n<meta name=\"robots\" content=\"index, follow, max-snippet:-1, max-image-preview:large, max-video-preview:-1\" \/>\n<link rel=\"canonical\" href=\"https:\/\/www.podlipje.si\/en\/kontakt\/\" \/>\n<meta property=\"og:locale\" content=\"en_GB\" \/>\n<meta property=\"og:type\" content=\"article\" \/>\n<meta property=\"og:title\" content=\"Kontakt - Podlipje\" \/>\n<meta property=\"og:description\" content=\"Kontaktni podatki Turisti\u010dna kmetija Lovren\u010dec Te\u0161anovci 140 9226 Moravske Toplice +386 (0) 41 825 148 (Samo) +386 (0) 31 857 473 (Kristijan) +386 (0) 41 648 425 (Stane) E-po\u0161ta: info@podlipje.si Po\u0161ljite povpra\u0161evanje Va\u0161e ime Va\u0161a e-po\u0161ta Zadeva Va\u0161e sporo\u010dilo (neobvezno)\" \/>\n<meta property=\"og:url\" content=\"https:\/\/www.podlipje.si\/en\/kontakt\/\" \/>\n<meta property=\"og:site_name\" content=\"Podlipje\" \/>\n<meta property=\"article:modified_time\" content=\"2025-12-03T09:45:29+00:00\" \/>\n<meta property=\"og:image\" content=\"https:\/\/www.podlipje.si\/wp-content\/uploads\/2025\/09\/eu_logo_horizontal.png\" \/>\n\t<meta property=\"og:image:width\" content=\"827\" \/>\n\t<meta property=\"og:image:height\" content=\"100\" \/>\n\t<meta property=\"og:image:type\" content=\"image\/png\" \/>\n<meta name=\"twitter:card\" content=\"summary_large_image\" \/>\n<meta name=\"twitter:label1\" content=\"Estimated reading time\" \/>\n\t<meta name=\"twitter:data1\" content=\"1 minute\" \/>\n<script type=\"application\/ld+json\" class=\"yoast-schema-graph\">{\"@context\":\"https:\/\/schema.org\",\"@graph\":[{\"@type\":\"WebPage\",\"@id\":\"https:\/\/www.podlipje.si\/kontakt\/\",\"url\":\"https:\/\/www.podlipje.si\/kontakt\/\",\"name\":\"Kontakt - Podlipje\",\"isPartOf\":{\"@id\":\"https:\/\/www.podlipje.si\/#website\"},\"primaryImageOfPage\":{\"@id\":\"https:\/\/www.podlipje.si\/kontakt\/#primaryimage\"},\"image\":{\"@id\":\"https:\/\/www.podlipje.si\/kontakt\/#primaryimage\"},\"thumbnailUrl\":\"https:\/\/www.podlipje.si\/wp-content\/uploads\/2025\/09\/eu_logo_horizontal.png\",\"datePublished\":\"2023-03-24T06:55:22+00:00\",\"dateModified\":\"2025-12-03T09:45:29+00:00\",\"breadcrumb\":{\"@id\":\"https:\/\/www.podlipje.si\/kontakt\/#breadcrumb\"},\"inLanguage\":\"en-GB\",\"potentialAction\":[{\"@type\":\"ReadAction\",\"target\":[\"https:\/\/www.podlipje.si\/kontakt\/\"]}]},{\"@type\":\"ImageObject\",\"inLanguage\":\"en-GB\",\"@id\":\"https:\/\/www.podlipje.si\/kontakt\/#primaryimage\",\"url\":\"https:\/\/www.podlipje.si\/wp-content\/uploads\/2025\/09\/eu_logo_horizontal.png\",\"contentUrl\":\"https:\/\/www.podlipje.si\/wp-content\/uploads\/2025\/09\/eu_logo_horizontal.png\"},{\"@type\":\"BreadcrumbList\",\"@id\":\"https:\/\/www.podlipje.si\/kontakt\/#breadcrumb\",\"itemListElement\":[{\"@type\":\"ListItem\",\"position\":1,\"name\":\"Home\",\"item\":\"https:\/\/www.podlipje.si\/\"},{\"@type\":\"ListItem\",\"position\":2,\"name\":\"Kontakt\"}]},{\"@type\":\"WebSite\",\"@id\":\"https:\/\/www.podlipje.si\/#website\",\"url\":\"https:\/\/www.podlipje.si\/\",\"name\":\"Podlipje\",\"description\":\"\",\"publisher\":{\"@id\":\"https:\/\/www.podlipje.si\/#organization\"},\"potentialAction\":[{\"@type\":\"SearchAction\",\"target\":{\"@type\":\"EntryPoint\",\"urlTemplate\":\"https:\/\/www.podlipje.si\/?s={search_term_string}\"},\"query-input\":{\"@type\":\"PropertyValueSpecification\",\"valueRequired\":true,\"valueName\":\"search_term_string\"}}],\"inLanguage\":\"en-GB\"},{\"@type\":\"Organization\",\"@id\":\"https:\/\/www.podlipje.si\/#organization\",\"name\":\"Podlipje\",\"url\":\"https:\/\/www.podlipje.si\/\",\"logo\":{\"@type\":\"ImageObject\",\"inLanguage\":\"en-GB\",\"@id\":\"https:\/\/www.podlipje.si\/#\/schema\/logo\/image\/\",\"url\":\"https:\/\/www.podlipje.si\/wp-content\/uploads\/2024\/11\/logo1-h100.png\",\"contentUrl\":\"https:\/\/www.podlipje.si\/wp-content\/uploads\/2024\/11\/logo1-h100.png\",\"width\":265,\"height\":100,\"caption\":\"Podlipje\"},\"image\":{\"@id\":\"https:\/\/www.podlipje.si\/#\/schema\/logo\/image\/\"}}]}<\/script>\n<!-- \/ Yoast SEO plugin. -->","yoast_head_json":{"title":"Kontakt - Podlipje","robots":{"index":"index","follow":"follow","max-snippet":"max-snippet:-1","max-image-preview":"max-image-preview:large","max-video-preview":"max-video-preview:-1"},"canonical":"https:\/\/www.podlipje.si\/en\/kontakt\/","og_locale":"en_GB","og_type":"article","og_title":"Kontakt - Podlipje","og_description":"Kontaktni podatki Turisti\u010dna kmetija Lovren\u010dec Te\u0161anovci 140 9226 Moravske Toplice +386 (0) 41 825 148 (Samo) +386 (0) 31 857 473 (Kristijan) +386 (0) 41 648 425 (Stane) E-po\u0161ta: info@podlipje.si Po\u0161ljite povpra\u0161evanje Va\u0161e ime Va\u0161a e-po\u0161ta Zadeva Va\u0161e sporo\u010dilo (neobvezno)","og_url":"https:\/\/www.podlipje.si\/en\/kontakt\/","og_site_name":"Podlipje","article_modified_time":"2025-12-03T09:45:29+00:00","og_image":[{"width":827,"height":100,"url":"https:\/\/www.podlipje.si\/wp-content\/uploads\/2025\/09\/eu_logo_horizontal.png","type":"image\/png"}],"twitter_card":"summary_large_image","twitter_misc":{"Estimated reading time":"1 minute"},"schema":{"@context":"https:\/\/schema.org","@graph":[{"@type":"WebPage","@id":"https:\/\/www.podlipje.si\/kontakt\/","url":"https:\/\/www.podlipje.si\/kontakt\/","name":"Kontakt - Podlipje","isPartOf":{"@id":"https:\/\/www.podlipje.si\/#website"},"primaryImageOfPage":{"@id":"https:\/\/www.podlipje.si\/kontakt\/#primaryimage"},"image":{"@id":"https:\/\/www.podlipje.si\/kontakt\/#primaryimage"},"thumbnailUrl":"https:\/\/www.podlipje.si\/wp-content\/uploads\/2025\/09\/eu_logo_horizontal.png","datePublished":"2023-03-24T06:55:22+00:00","dateModified":"2025-12-03T09:45:29+00:00","breadcrumb":{"@id":"https:\/\/www.podlipje.si\/kontakt\/#breadcrumb"},"inLanguage":"en-GB","potentialAction":[{"@type":"ReadAction","target":["https:\/\/www.podlipje.si\/kontakt\/"]}]},{"@type":"ImageObject","inLanguage":"en-GB","@id":"https:\/\/www.podlipje.si\/kontakt\/#primaryimage","url":"https:\/\/www.podlipje.si\/wp-content\/uploads\/2025\/09\/eu_logo_horizontal.png","contentUrl":"https:\/\/www.podlipje.si\/wp-content\/uploads\/2025\/09\/eu_logo_horizontal.png"},{"@type":"BreadcrumbList","@id":"https:\/\/www.podlipje.si\/kontakt\/#breadcrumb","itemListElement":[{"@type":"ListItem","position":1,"name":"Home","item":"https:\/\/www.podlipje.si\/"},{"@type":"ListItem","position":2,"name":"Kontakt"}]},{"@type":"WebSite","@id":"https:\/\/www.podlipje.si\/#website","url":"https:\/\/www.podlipje.si\/","name":"Podlipje","description":"","publisher":{"@id":"https:\/\/www.podlipje.si\/#organization"},"potentialAction":[{"@type":"SearchAction","target":{"@type":"EntryPoint","urlTemplate":"https:\/\/www.podlipje.si\/?s={search_term_string}"},"query-input":{"@type":"PropertyValueSpecification","valueRequired":true,"valueName":"search_term_string"}}],"inLanguage":"en-GB"},{"@type":"Organization","@id":"https:\/\/www.podlipje.si\/#organization","name":"Podlipje","url":"https:\/\/www.podlipje.si\/","logo":{"@type":"ImageObject","inLanguage":"en-GB","@id":"https:\/\/www.podlipje.si\/#\/schema\/logo\/image\/","url":"https:\/\/www.podlipje.si\/wp-content\/uploads\/2024\/11\/logo1-h100.png","contentUrl":"https:\/\/www.podlipje.si\/wp-content\/uploads\/2024\/11\/logo1-h100.png","width":265,"height":100,"caption":"Podlipje"},"image":{"@id":"https:\/\/www.podlipje.si\/#\/schema\/logo\/image\/"}}]}},"_links":{"self":[{"href":"https:\/\/www.podlipje.si\/en\/wp-json\/wp\/v2\/pages\/75","targetHints":{"allow":["GET"]}}],"collection":[{"href":"https:\/\/www.podlipje.si\/en\/wp-json\/wp\/v2\/pages"}],"about":[{"href":"https:\/\/www.podlipje.si\/en\/wp-json\/wp\/v2\/types\/page"}],"author":[{"embeddable":true,"href":"https:\/\/www.podlipje.si\/en\/wp-json\/wp\/v2\/users\/1"}],"replies":[{"embeddable":true,"href":"https:\/\/www.podlipje.si\/en\/wp-json\/wp\/v2\/comments?post=75"}],"version-history":[{"count":13,"href":"https:\/\/www.podlipje.si\/en\/wp-json\/wp\/v2\/pages\/75\/revisions"}],"predecessor-version":[{"id":3047,"href":"https:\/\/www.podlipje.si\/en\/wp-json\/wp\/v2\/pages\/75\/revisions\/3047"}],"wp:attachment":[{"href":"https:\/\/www.podlipje.si\/en\/wp-json\/wp\/v2\/media?parent=75"}],"curies":[{"name":"wp","href":"https:\/\/api.w.org\/{rel}","templated":true}]}}